{"id":14813,"date":"2020-12-10T12:38:26","date_gmt":"2020-12-10T11:38:26","guid":{"rendered":"http:\/\/centrorossidoria.uniroma3.it\/activities\/publications\/books-and-rossi-doria-papers\/libri\/"},"modified":"2020-12-21T14:46:10","modified_gmt":"2020-12-21T13:46:10","slug":"books","status":"publish","type":"page","link":"https:\/\/centrorossidoria.uniroma3.it\/en\/activities\/publications\/books-and-rossi-doria-papers-series\/books\/","title":{"rendered":"Books"},"content":{"rendered":"<div class=\"fusion-fullwidth fullwidth-box fusion-builder-row-1 fusion-flex-container nonhundred-percent-fullwidth non-hundred-percent-height-scrolling\" style=\"--awb-border-radius-top-left:0px;--awb-border-radius-top-right:0px;--awb-border-radius-bottom-right:0px;--awb-border-radius-bottom-left:0px;--awb-padding-top:24px;--awb-padding-right:32px;--awb-padding-bottom:32px;--awb-padding-left:32px;--awb-flex-wrap:wrap;\" ><div class=\"fusion-builder-row fusion-row fusion-flex-align-items-flex-start fusion-flex-content-wrap\" style=\"max-width:1331.2px;margin-left: calc(-4% \/ 2 );margin-right: calc(-4% \/ 2 );\"><div class=\"fusion-layout-column fusion_builder_column fusion-builder-column-0 fusion_builder_column_1_3 1_3 fusion-flex-column\" style=\"--awb-bg-size:cover;--awb-width-large:33.333333333333%;--awb-margin-top-large:10px;--awb-spacing-right-large:5.76%;--awb-margin-bottom-large:10px;--awb-spacing-left-large:5.76%;--awb-width-medium:100%;--awb-order-medium:0;--awb-spacing-right-medium:1.92%;--awb-spacing-left-medium:1.92%;--awb-width-small:100%;--awb-order-small:0;--awb-spacing-right-small:1.92%;--awb-spacing-left-small:1.92%;\"><div class=\"fusion-column-wrapper fusion-column-has-shadow fusion-flex-justify-content-flex-start fusion-content-layout-column\"><div class=\"fusion-image-element \" style=\"--awb-caption-title-font-family:var(--h2_typography-font-family);--awb-caption-title-font-weight:var(--h2_typography-font-weight);--awb-caption-title-font-style:var(--h2_typography-font-style);--awb-caption-title-size:var(--h2_typography-font-size);--awb-caption-title-transform:var(--h2_typography-text-transform);--awb-caption-title-line-height:var(--h2_typography-line-height);--awb-caption-title-letter-spacing:var(--h2_typography-letter-spacing);\"><span class=\" fusion-imageframe imageframe-dropshadow imageframe-1 hover-type-none\" style=\"-webkit-box-shadow: 3px 3px 7px rgba(51,60,78,0.3);box-shadow: 3px 3px 7px rgba(51,60,78,0.3);\"><a class=\"fusion-no-lightbox\" href=\"https:\/\/www.donzelli.it\/libro\/9788868432409\" target=\"_blank\" aria-label=\"Copertina-Agricoltura-mondo\" rel=\"noopener noreferrer\"><img decoding=\"async\" width=\"400\" height=\"541\" alt=\"Agricoltura-mondo. La storia contemporanea e gli scenari futuri\" src=\"https:\/\/centrorossidoria.uniroma3.it\/wp-content\/uploads\/2016\/03\/Copertina-Agricoltura-mondo-e1611764770454.jpg\" data-orig-src=\"https:\/\/centrorossidoria.uniroma3.it\/wp-content\/uploads\/2016\/03\/Copertina-Agricoltura-mondo-400x541.jpg\" class=\"lazyload img-responsive wp-image-14595\" srcset=\"data:image\/svg+xml,%3Csvg%20xmlns%3D%27http%3A%2F%2Fwww.w3.org%2F2000%2Fsvg%27%20width%3D%27600%27%20height%3D%27812%27%20viewBox%3D%270%200%20600%20812%27%3E%3Crect%20width%3D%27600%27%20height%3D%27812%27%20fill-opacity%3D%220%22%2F%3E%3C%2Fsvg%3E\" data-srcset=\"https:\/\/centrorossidoria.uniroma3.it\/wp-content\/uploads\/2016\/03\/Copertina-Agricoltura-mondo-200x271.jpg 200w, https:\/\/centrorossidoria.uniroma3.it\/wp-content\/uploads\/2016\/03\/Copertina-Agricoltura-mondo-400x541.jpg 400w, https:\/\/centrorossidoria.uniroma3.it\/wp-content\/uploads\/2016\/03\/Copertina-Agricoltura-mondo.jpg 600w\" data-sizes=\"auto\" data-orig-sizes=\"(max-width: 1024px) 100vw, (max-width: 640px) 100vw, 400px\" \/><\/a><\/span><\/div><\/div><\/div><div class=\"fusion-layout-column fusion_builder_column fusion-builder-column-1 fusion_builder_column_2_3 2_3 fusion-flex-column\" style=\"--awb-bg-size:cover;--awb-width-large:66.666666666667%;--awb-margin-top-large:10px;--awb-spacing-right-large:2.88%;--awb-margin-bottom-large:10px;--awb-spacing-left-large:2.88%;--awb-width-medium:100%;--awb-order-medium:0;--awb-spacing-right-medium:1.92%;--awb-spacing-left-medium:1.92%;--awb-width-small:100%;--awb-order-small:0;--awb-spacing-right-small:1.92%;--awb-spacing-left-small:1.92%;\"><div class=\"fusion-column-wrapper fusion-column-has-shadow fusion-flex-justify-content-flex-start fusion-content-layout-column\"><div class=\"fusion-text fusion-text-1\"><h3><a href=\"https:\/\/www.donzelli.it\/libro\/9788868432409\" target=\"_blank\" rel=\"noopener\">Agricoltura-mondo<\/a><\/h3>\n<h4><a href=\"https:\/\/www.donzelli.it\/libro\/9788868432409\" target=\"_blank\" rel=\"noopener\">La storia contemporanea e gli scenari futuri<\/a><\/h4>\n<p><strong>di Guido Fabiani.<\/strong><\/p>\n<p><strong>Donzelli editore, 2015<\/strong><\/p>\n<p>Alla met\u00e0 del secolo scorso, nelle economie avanzate, l\u2019agricoltura rappresentava ancora una fonte importante di reddito e di occupazione. Oggi il suo contributo alla formazione della ricchezza e all\u2019impiego di forza lavoro \u00e8 minimo. Ma \u00e8 divenuto grande il peso dei sistemi agroalimentari. \u00c8 avvenuto un cambiamento radicale nelle campagne, che ha inciso sulle abitudini alimentari, sugli stili di vita, sullo stesso immaginario dei nostri contemporanei. Il viaggio di Guido Fabiani nell\u2019agricoltura mondiale abbraccia tutto il Novecento, fino a oggi.<\/p>\n<\/div><\/div><\/div><div class=\"fusion-layout-column fusion_builder_column fusion-builder-column-2 fusion_builder_column_1_1 1_1 fusion-flex-column\" style=\"--awb-bg-size:cover;--awb-width-large:100%;--awb-margin-top-large:10px;--awb-spacing-right-large:1.92%;--awb-margin-bottom-large:10px;--awb-spacing-left-large:1.92%;--awb-width-medium:100%;--awb-order-medium:0;--awb-spacing-right-medium:1.92%;--awb-spacing-left-medium:1.92%;--awb-width-small:100%;--awb-order-small:0;--awb-spacing-right-small:1.92%;--awb-spacing-left-small:1.92%;\"><div class=\"fusion-column-wrapper fusion-column-has-shadow fusion-flex-justify-content-flex-start fusion-content-layout-column\"><div class=\"fusion-separator fusion-full-width-sep\" style=\"align-self: center;margin-left: auto;margin-right: auto;margin-top:16px;margin-bottom:16px;width:100%;\"><div class=\"fusion-separator-border sep-single sep-solid\" style=\"--awb-height:20px;--awb-amount:20px;border-color:#e7e4e2;border-top-width:1px;\"><\/div><\/div><\/div><\/div><div class=\"fusion-layout-column fusion_builder_column fusion-builder-column-3 fusion_builder_column_1_3 1_3 fusion-flex-column\" style=\"--awb-bg-size:cover;--awb-width-large:33.333333333333%;--awb-margin-top-large:10px;--awb-spacing-right-large:5.76%;--awb-margin-bottom-large:10px;--awb-spacing-left-large:5.76%;--awb-width-medium:100%;--awb-order-medium:0;--awb-spacing-right-medium:1.92%;--awb-spacing-left-medium:1.92%;--awb-width-small:100%;--awb-order-small:0;--awb-spacing-right-small:1.92%;--awb-spacing-left-small:1.92%;\"><div class=\"fusion-column-wrapper fusion-column-has-shadow fusion-flex-justify-content-flex-start fusion-content-layout-column\"><div class=\"fusion-image-element \" style=\"--awb-caption-title-font-family:var(--h2_typography-font-family);--awb-caption-title-font-weight:var(--h2_typography-font-weight);--awb-caption-title-font-style:var(--h2_typography-font-style);--awb-caption-title-size:var(--h2_typography-font-size);--awb-caption-title-transform:var(--h2_typography-text-transform);--awb-caption-title-line-height:var(--h2_typography-line-height);--awb-caption-title-letter-spacing:var(--h2_typography-letter-spacing);\"><span class=\" fusion-imageframe imageframe-dropshadow imageframe-2 hover-type-none\" style=\"-webkit-box-shadow: 3px 3px 7px rgba(51,60,78,0.3);box-shadow: 3px 3px 7px rgba(51,60,78,0.3);\"><a class=\"fusion-no-lightbox\" href=\"https:\/\/www.donzelli.it\/libro\/9788868432409\" target=\"_blank\" aria-label=\"Copertina-Mezzogiorno-dEuropa-756&#215;1024\" rel=\"noopener noreferrer\"><img decoding=\"async\" width=\"400\" height=\"542\" alt=\"Agricoltura-mondo. La storia contemporanea e gli scenari futuri\" src=\"https:\/\/centrorossidoria.uniroma3.it\/wp-content\/uploads\/2020\/11\/Copertina-Mezzogiorno-dEuropa-756x1024-1-e1611822034372.jpg\" data-orig-src=\"https:\/\/centrorossidoria.uniroma3.it\/wp-content\/uploads\/2020\/11\/Copertina-Mezzogiorno-dEuropa-756x1024-1-400x542.jpg\" class=\"lazyload img-responsive wp-image-14654\" srcset=\"data:image\/svg+xml,%3Csvg%20xmlns%3D%27http%3A%2F%2Fwww.w3.org%2F2000%2Fsvg%27%20width%3D%27756%27%20height%3D%271024%27%20viewBox%3D%270%200%20756%201024%27%3E%3Crect%20width%3D%27756%27%20height%3D%271024%27%20fill-opacity%3D%220%22%2F%3E%3C%2Fsvg%3E\" data-srcset=\"https:\/\/centrorossidoria.uniroma3.it\/wp-content\/uploads\/2020\/11\/Copertina-Mezzogiorno-dEuropa-756x1024-1-200x271.jpg 200w, https:\/\/centrorossidoria.uniroma3.it\/wp-content\/uploads\/2020\/11\/Copertina-Mezzogiorno-dEuropa-756x1024-1-400x542.jpg 400w, https:\/\/centrorossidoria.uniroma3.it\/wp-content\/uploads\/2020\/11\/Copertina-Mezzogiorno-dEuropa-756x1024-1-600x813.jpg 600w, https:\/\/centrorossidoria.uniroma3.it\/wp-content\/uploads\/2020\/11\/Copertina-Mezzogiorno-dEuropa-756x1024-1.jpg 756w\" data-sizes=\"auto\" data-orig-sizes=\"(max-width: 1024px) 100vw, (max-width: 640px) 100vw, 400px\" \/><\/a><\/span><\/div><\/div><\/div><div class=\"fusion-layout-column fusion_builder_column fusion-builder-column-4 fusion_builder_column_2_3 2_3 fusion-flex-column\" style=\"--awb-bg-size:cover;--awb-width-large:66.666666666667%;--awb-margin-top-large:10px;--awb-spacing-right-large:2.88%;--awb-margin-bottom-large:10px;--awb-spacing-left-large:2.88%;--awb-width-medium:100%;--awb-order-medium:0;--awb-spacing-right-medium:1.92%;--awb-spacing-left-medium:1.92%;--awb-width-small:100%;--awb-order-small:0;--awb-spacing-right-small:1.92%;--awb-spacing-left-small:1.92%;\"><div class=\"fusion-column-wrapper fusion-column-has-shadow fusion-flex-justify-content-flex-start fusion-content-layout-column\"><div class=\"fusion-text fusion-text-2\"><h3><a href=\"https:\/\/www.donzelli.it\/libro\/9788868431747\" target=\"_blank\" rel=\"noopener\">Mezzogiorno d&#8217;Europa<\/a><\/h3>\n<h4><a href=\"https:\/\/www.donzelli.it\/libro\/9788868431747\" target=\"_blank\" rel=\"noopener\">Lettere, Appunti e Discorsi 1945-1987<\/a><\/h4>\n<p><strong>di Manlio Rossi-Doria<\/strong><br \/>\n<strong>A cura di Emanuele Bernardi. Introduzione di Umberto Gentiloni Silveri.<\/strong><\/p>\n<p><strong>Donzelli editore, 2014<\/strong><\/p>\n<p>&#8220;<em>Se dimostreremo all\u2019Europa che l\u2019aiuto comunitario non \u00e8 un\u2019elemosina fatta per l\u2019Italia, ma rappresenta l\u2019avvio di un processo nuovo per colmare alcuni dei nostri squilibri territoriali, avremo aperto la via della politica regionale. Se, viceversa, noi faremo fallimento su questo piano, se disperderemo malamente questi pochi soldi, allora diranno: \u201cChe avete fatto? Per finanziare i vostri programmi vi siete serviti dei soldi comunitari, avete considerato\u00a0il Fondo regionale come un\u2019elemosina, senza creare una politica nuova<\/em>\u201d.<br \/>\nManlio Rossi-Doria,\u00a0 Discorso al Senato del 15 dicembre 1974<\/p>\n<\/div><\/div><\/div><\/div><\/div>\n","protected":false},"excerpt":{"rendered":"","protected":false},"author":1,"featured_media":0,"parent":14810,"menu_order":0,"comment_status":"closed","ping_status":"closed","template":"","meta":{"footnotes":""},"class_list":["post-14813","page","type-page","status-publish","hentry"],"_links":{"self":[{"href":"https:\/\/centrorossidoria.uniroma3.it\/en\/wp-json\/wp\/v2\/pages\/14813","targetHints":{"allow":["GET"]}}],"collection":[{"href":"https:\/\/centrorossidoria.uniroma3.it\/en\/wp-json\/wp\/v2\/pages"}],"about":[{"href":"https:\/\/centrorossidoria.uniroma3.it\/en\/wp-json\/wp\/v2\/types\/page"}],"author":[{"embeddable":true,"href":"https:\/\/centrorossidoria.uniroma3.it\/en\/wp-json\/wp\/v2\/users\/1"}],"replies":[{"embeddable":true,"href":"https:\/\/centrorossidoria.uniroma3.it\/en\/wp-json\/wp\/v2\/comments?post=14813"}],"version-history":[{"count":2,"href":"https:\/\/centrorossidoria.uniroma3.it\/en\/wp-json\/wp\/v2\/pages\/14813\/revisions"}],"predecessor-version":[{"id":14815,"href":"https:\/\/centrorossidoria.uniroma3.it\/en\/wp-json\/wp\/v2\/pages\/14813\/revisions\/14815"}],"up":[{"embeddable":true,"href":"https:\/\/centrorossidoria.uniroma3.it\/en\/wp-json\/wp\/v2\/pages\/14810"}],"wp:attachment":[{"href":"https:\/\/centrorossidoria.uniroma3.it\/en\/wp-json\/wp\/v2\/media?parent=14813"}],"curies":[{"name":"wp","href":"https:\/\/api.w.org\/{rel}","templated":true}]}}